{"id":193,"date":"2025-12-30T13:15:13","date_gmt":"2025-12-30T05:15:13","guid":{"rendered":"https:\/\/www.test14.pw\/?page_id=193"},"modified":"2026-01-13T15:25:31","modified_gmt":"2026-01-13T07:25:31","slug":"contact","status":"publish","type":"page","link":"https:\/\/www.dtcee.com\/fr\/contact\/","title":{"rendered":"Contact"},"content":{"rendered":"<section class=\"wp-block-themepark-block-themepark-area block_layout thempark-block PcOnly\" id=\"\" style=\"padding-bottom:80px;padding-top:100px;\" data-swiper-parallax=\"-700\"><div class=\"block_layout_in\" style=\"\">\n<div class=\"wp-block-column block_layout_in\">\n<div class=\"wp-block-columns\">\n<div class=\"wp-block-column\">\n<div class=\"wp-block-themepark-block-themepark-wright content-super-p  biaodan\" style=\"font-size:16px;line-height:30px;color:#333333;padding:20px 30px;\">\n<div class=\"wp-block-column\">\n<p style=\"font-size:30px\"><strong>Contact<\/strong><\/p>\n\n\n\n<div style=\"height:20px\" aria-hidden=\"true\" class=\"wp-block-spacer\"><\/div>\n\n\n\n<p>Attendez-vous \u00e0 recevoir un devis d\u00e9taill\u00e9 et une consultation technique dans les 24 heures.<\/p>\n\n\n\n<div class=\"wp-block-themepark-block-themepark-xian theme_fang_out\" style=\"text-align:left;padding-top:10px;padding-bottom:11px;\"><div class=\"fangbox\" style=\"width:100%;height:1px;background-color:#333333cc;\"><\/div><\/div>\n\n\n\n<div class=\"wp-block-columns\">\n<div class=\"wp-block-column\" style=\"flex-basis:60px\">\n<div style=\"height:10px\" aria-hidden=\"true\" class=\"wp-block-spacer\"><\/div>\n\n\n\n<figure class=\"wp-block-image size-full is-resized\"><img loading=\"lazy\" decoding=\"async\" width=\"150\" height=\"150\" src=\"https:\/\/www.dtcee.com\/wp-content\/uploads\/2025\/12\/contact0icon1.png\" alt=\"\" class=\"wp-image-194\" style=\"object-fit:cover;width:55px;height:55px\"><\/figure>\n<\/div>\n\n\n\n<div class=\"wp-block-column\">\n<p style=\"font-size:20px\"><strong>Notre emplacement<\/strong><\/p>\n\n\n\n<p>Zone industrielle de Henghe, ville de Panshi, ville de Yueqing, province de Zhejiang, Chine<\/p>\n<\/div>\n<\/div>\n\n\n\n<div style=\"height:12px\" aria-hidden=\"true\" class=\"wp-block-spacer\"><\/div>\n\n\n\n<div class=\"wp-block-columns\">\n<div class=\"wp-block-column\" style=\"flex-basis:60px\">\n<div style=\"height:10px\" aria-hidden=\"true\" class=\"wp-block-spacer\"><\/div>\n\n\n\n<figure class=\"wp-block-image size-full is-resized\"><img loading=\"lazy\" decoding=\"async\" width=\"150\" height=\"150\" src=\"https:\/\/www.dtcee.com\/wp-content\/uploads\/2025\/12\/contact0icon4.png\" alt=\"\" class=\"wp-image-198\" style=\"object-fit:cover;width:55px;height:55px\"><\/figure>\n<\/div>\n\n\n\n<div class=\"wp-block-column\">\n<p style=\"font-size:20px\"><strong>Num\u00e9ro de t\u00e9l\u00e9phone<\/strong><\/p>\n\n\n\n<p>+86-13336970867<\/p>\n<\/div>\n<\/div>\n\n\n\n<div style=\"height:12px\" aria-hidden=\"true\" class=\"wp-block-spacer\"><\/div>\n\n\n\n<div class=\"wp-block-columns\">\n<div class=\"wp-block-column\" style=\"flex-basis:60px\">\n<div style=\"height:10px\" aria-hidden=\"true\" class=\"wp-block-spacer\"><\/div>\n\n\n\n<figure class=\"wp-block-image size-full is-resized\"><img loading=\"lazy\" decoding=\"async\" width=\"150\" height=\"150\" src=\"https:\/\/www.dtcee.com\/wp-content\/uploads\/2025\/12\/contact0icon3.png\" alt=\"\" class=\"wp-image-199\" style=\"object-fit:cover;width:55px;height:55px\"><\/figure>\n<\/div>\n\n\n\n<div class=\"wp-block-column\">\n<p style=\"font-size:20px\"><strong>Adresse \u00e9lectronique<\/strong><\/p>\n\n\n\n<p>info@dtcee.com<\/p>\n<\/div>\n<\/div>\n\n\n\n<div style=\"height:12px\" aria-hidden=\"true\" class=\"wp-block-spacer\"><\/div>\n\n\n\n<div class=\"wp-block-columns\">\n<div class=\"wp-block-column\" style=\"flex-basis:60px\">\n<div style=\"height:10px\" aria-hidden=\"true\" class=\"wp-block-spacer\"><\/div>\n\n\n\n<figure class=\"wp-block-image size-full is-resized\"><img loading=\"lazy\" decoding=\"async\" width=\"150\" height=\"150\" src=\"https:\/\/www.dtcee.com\/wp-content\/uploads\/2025\/12\/contact0icon2.png\" alt=\"\" class=\"wp-image-200\" style=\"object-fit:cover;width:55px;height:55px\"><\/figure>\n<\/div>\n\n\n\n<div class=\"wp-block-column\">\n<p style=\"font-size:20px\"><strong>Whatsapp<\/strong><\/p>\n\n\n\n<p>+86 13336970867<\/p>\n<\/div>\n<\/div>\n<\/div>\n<\/div>\n<\/div>\n\n\n\n<div class=\"wp-block-column\">\n<div class=\"wp-block-themepark-block-themepark-wright content-super-p  biaodan\" style=\"font-size:12px;line-height:20px;color:#333333;padding:10px 10px;\">\n<div class=\"wp-block-column\">\n<p style=\"font-size:30px\"><strong>Prendre contact<\/strong><\/p>\n\n\n\n<div style=\"height:20px\" aria-hidden=\"true\" class=\"wp-block-spacer\"><\/div>\n\n\n\n<p>Faites-nous part de votre projet, de vos besoins de personnalisation ou de vos exigences en mati\u00e8re d'approvisionnement.<\/p>\n\n\n\n<div style=\"height:20px\" aria-hidden=\"true\" class=\"wp-block-spacer\"><\/div>\n\n\n\n<div class=\"wp-block-themepark-block-themepark-comment thempark-block themepark-comment fromnopading undefined\" style=\"\"><div class=\"themepark-comment_in\" id=\"ud_form\"><div class=\"themepark-comment_inb2\"><div class=\"themepark-comment_inb\" style=\"\"><div class=\"themepark-comment_form nolable\" style=\"\"><form id=\"commentform-park\" class=\"themepark-c-f twomo\" action=\"https:\/\/www.dtcee.com\/wp-comments-post.php\" method=\"post\" autocomplete=\"off\" data-trp-original-action=\"https:\/\/www.dtcee.com\/wp-comments-post.php\"><div class=\"themepark-comment_form_box tptext\" style=\"font-size:14px;\"><lable for=\"tpcommet0\" class=\"required\"><input type=\"text\" id=\"tpcommet0\" name=\"tpcommet0\" size=\"28\" required style=\"\" placeholder=\"Nom de l&#039;entreprise\"\/><span class=\"required\">*<div class=\"required_tishi animated\"><i class=\"fas fa-exclamation-circle\"><\/i><span><\/span><\/div><\/span><\/lable><\/div><div class=\"themepark-comment_form_box tptext\" style=\"font-size:14px;\"><lable for=\"tpcommet1\" class=\"required\"><input type=\"text\" id=\"tpcommet1\" name=\"tpcommet1\" size=\"28\" required style=\"\" placeholder=\"Nom\"\/><span class=\"required\">*<div class=\"required_tishi animated\"><i class=\"fas fa-exclamation-circle\"><\/i><span><\/span><\/div><\/span><\/lable><\/div><div class=\"themepark-comment_form_box tptext\" style=\"font-size:14px;\"><lable for=\"tpcommet2\" class=\"\"><input type=\"text\" id=\"tpcommet2\" name=\"tpcommet2\" size=\"28\" style=\"\" placeholder=\"Num\u00e9ro de t\u00e9l\u00e9phone\"\/><\/lable><\/div><div class=\"themepark-comment_form_box tptext\" style=\"font-size:14px;\"><lable for=\"tpcommet3\" class=\"\"><input type=\"text\" id=\"tpcommet3\" name=\"tpcommet3\" size=\"28\" style=\"\" placeholder=\"Whatsapp\"\/><\/lable><\/div><div class=\"themepark-comment_form_box tptext\" style=\"font-size:14px;\"><lable for=\"tpcommet4\" class=\"required\"><input type=\"text\" id=\"tpcommet4\" name=\"tpcommet4\" size=\"28\" required style=\"\" placeholder=\"Courriel\"\/><span class=\"required\">*<div class=\"required_tishi animated\"><i class=\"fas fa-exclamation-circle\"><\/i><span><\/span><\/div><\/span><\/lable><\/div><div class=\"themepark-comment_form_box tptext\" style=\"font-size:14px;\"><lable for=\"tpcommet5\" class=\"\"><input type=\"text\" id=\"tpcommet5\" name=\"tpcommet5\" size=\"28\" style=\"\" placeholder=\"Pays\"\/><\/lable><\/div><div class=\"themepark-comment_form_box tpTextarea\" style=\"font-size:14px;\"><lable for=\"tpcommet6\"><textarea id=\"tpcommet6\" name=\"tpcommet6\" style=\"\" placeholder=\"Message\"><\/textarea><\/lable><\/div><div class=\"hiddeninput\"><input name=\"comment_post_ID\" type=\"hidden\" value=\"8257\"\/><input name=\"author\" type=\"hidden\" class=\"author\"\/><input name=\"email\" type=\"hidden\" class=\"email\"\/><textarea name=\"comment\" style=\"display:none\" class=\"comment\"><\/textarea><input name=\"themeparklable\" type=\"hidden\" value=\"Company Name|Name|Phone Number|Whatsapp|Email|Country|Message\"\/><input name=\"themeparktype\" type=\"hidden\" value=\"text|text|text|text|text|text|Textarea\"\/><input name=\"redirect_to\" type=\"hidden\" value=\"https:\/\/www.dtcee.com\"\/><input name=\"inquiryid\" type=\"hidden\"\/><input name=\"inquirytime\" type=\"hidden\"\/><input name=\"position\" type=\"hidden\"\/><\/div><div class=\"submut_box\"><input type=\"submit\" class=\"submut_btn\" name=\"submit\" style=\"background:#004992;\" value=\"Envoyer un message\"\/><div class=\"tishi\" style=\"\"><div class=\"loading\" style=\"\"><i class=\"fas fa-spinner\"><\/i>Soumettre !<\/div><div class=\"success\" style=\"\"><i class=\"fas fa-check\"><\/i>Soumission r\u00e9ussie !<\/div><div class=\"erro\" style=\"\"><i class=\"fas fa-exclamation-circle\"><\/i>La soumission a \u00e9chou\u00e9 !<\/div><div class=\"e-email\">Adresse \u00e9lectronique incorrecte !<\/div><div class=\"e-tel\">Num\u00e9ro de t\u00e9l\u00e9phone incorrect !<\/div><\/div><\/div><input type=\"hidden\" name=\"trp-form-language\" value=\"fr\"\/><\/form><\/div><div class=\"wp_clear\"><\/div><\/div><div class=\"themepark-comment_in_b\" style=\"opacity:1;undefined0\"><\/div><\/div><\/div><div class=\"wp_clear\"><\/div><\/div>\n<\/div>\n<\/div>\n<\/div>\n<\/div>\n\n\n\n<style>\n\/* \u6574\u4e2a\u8868\u5355\u533a\u5757 - \u7eaf\u51c0\u6bdb\u73bb\u7483\u6548\u679c *\/\n.biaodan {\n    position: relative;\n    background: rgba(255, 255, 255, 0.15);     \/* \u9ad8\u900f\u660e\u767d\u8272\u57fa\u5e95 *\/\n    overflow: hidden;\n    padding: 40px !important;                  \/* \u589e\u52a0\u5185\u8fb9\u8ddd\uff0c\u547c\u5438\u611f\u66f4\u5f3a *\/\n    box-sizing: border-box;\n    backdrop-filter: blur(20px);               \/* \u6838\u5fc3\uff1a\u80cc\u666f\u6a21\u7cca\uff08\u6bdb\u73bb\u7483\u5173\u952e\uff09 *\/\n    -webkit-backdrop-filter: blur(20px);       \/* Safari \u517c\u5bb9 *\/\n    border: 1px solid rgba(255, 255, 255, 0.3); \/* \u67d4\u548c\u767d\u8fb9\uff0c\u63d0\u5347\u6d6e\u8d77\u611f *\/\n    box-shadow: 0 8px 32px rgba(0, 0, 0, 0.1);  \/* \u8f7b\u67d4\u9634\u5f71\uff0c\u589e\u5f3a\u5c42\u6b21 *\/\n}\n\n\/* \u589e\u5f3a\u6bdb\u73bb\u7483\u8d28\u611f\uff08\u53ef\u9009\u53e0\u52a0\u5c42\uff09 *\/\n.biaodan::before {\n    content: \"\";\n    position: absolute;\n    top: 0; left: 0; right: 0; bottom: 0;\n    background: rgba(255, 255, 255, 0.1);      \/* \u6781\u8f7b\u767d\u53e0\u52a0\uff0c\u589e\u52a0\u4eae\u5ea6 *\/\n    backdrop-filter: blur(8px);\n    -webkit-backdrop-filter: blur(8px);\n    z-index: -1;\n}\n\n\/* \u8f93\u5165\u6846 & \u6587\u672c\u57df - \u66f4\u6e05\u6670\u7684\u5185\u5c42\u6bdb\u73bb\u7483 *\/\n.biaodan input[type=\"text\"],\n.biaodan textarea {\n    background: rgba(255, 255, 255, 0.4) !important;  \/* \u9ad8\u900f\u660e\uff0c\u66f4\u901a\u900f *\/\n    backdrop-filter: blur(12px) !important;\n    -webkit-backdrop-filter: blur(12px) !important;\n    border: 1px solid rgba(255, 255, 255, 0.5);\n    border-radius: 0px !important;\n    padding: 14px 16px !important;\n    color: #333333 !important;                        \/* \u6df1\u7070\u6587\u5b57\uff0c\u786e\u4fdd\u6e05\u6670 *\/\n    font-size: 15px;\n    transition: all 0.3s ease;\n}\n\n.biaodan input[type=\"text\"]:focus,\n.biaodan textarea:focus {\n    background: rgba(255, 255, 255, 0.7) !important;  \/* \u805a\u7126\u65f6\u66f4\u5b9e\u4e00\u4e9b *\/\n    border-color: #004992 !important;\n    box-shadow: 0 0 0 3px rgba(0, 73, 146, 0.2) !important;\n    outline: none !important;\n}\n\n\/* \u5360\u4f4d\u7b26\u6587\u5b57\u989c\u8272\uff08\u6d45\u7070\uff0c\u907f\u514d\u592a\u9ed1\uff09 *\/\n.biaodan input::placeholder,\n.biaodan textarea::placeholder {\n    color: rgba(51, 51, 51, 0.6) !important;\n    opacity: 1;\n}\n\n\/* \u6807\u9898\u548c\u63cf\u8ff0\u6587\u5b57 - \u6df1\u8272\u4f46\u4e0d\u7eaf\u9ed1 *\/\n.biaodan p,\n.biaodan strong {\n    color: #222222 !important;                 \/* \u6df1\u7070\u800c\u975e\u7eaf\u9ed1\uff0c\u66f4\u67d4\u548c *\/\n    text-shadow: none;                         \/* \u53bb\u6389\u4e4b\u524d\u53ef\u80fd\u6709\u7684\u9634\u5f71 *\/\n}\n\n\/* \u63d0\u4ea4\u6309\u94ae - \u4e0e\u6574\u4f53\u900f\u660e\u98ce\u683c\u534f\u8c03 *\/\n.biaodan .submut_btn {\n    background: #004992 !important;\n    border-radius:0px !important;\n    padding: 14px 32px !important;\n    font-weight: bold;\n    color: white !important;\n    border: none;\n    box-shadow: 0 2px 2px rgba(0, 73, 146, 0.3);\n    transition: all 0.3s ease;\n}\n\n.biaodan .submut_btn:hover {\n    background: #003a77 !important;\n    transform: translateY(-3px);\n}\n\n.biaodan .submut_box{\n  text-align:center !important;\n  float:none !important;\n}\n\n.themepark-comment_form_box.tpTextarea textarea{\n  font-family:inherit;\n}\n<\/style>\n<\/div>\n<\/div><div class=\"layout_badh\"><div class=\"PcOnly themepark-block_layout_ba lazyload swiper-lazy\" style=\"background-repeat:no-repeat;background-size:cover;background-position:center;\" data-background=\"https:\/\/www.dtcee.com\/wp-content\/uploads\/2025\/12\/contact-bg.png\"><\/div><\/div><\/section>\n\n\n\n<section class=\"wp-block-themepark-block-themepark-area block_layout thempark-block MovePnly  top50\" id=\"\" style=\"background-color:#f7f7f7;\" data-swiper-parallax=\"-700\"><div class=\"block_layout_in\" style=\"\">\n<div class=\"wp-block-column block_layout_in\">\n<div class=\"wp-block-themepark-block-themepark-wright content-super-p  biaodan\" style=\"font-size:16px;line-height:30px;color:#333333;padding:20px 30px;\">\n<div class=\"wp-block-column\">\n<p style=\"font-size:30px\"><strong>Contact<\/strong><\/p>\n\n\n\n<div style=\"height:20px\" aria-hidden=\"true\" class=\"wp-block-spacer\"><\/div>\n\n\n\n<p>Attendez-vous \u00e0 recevoir un devis d\u00e9taill\u00e9 et une consultation technique dans les 24 heures.<\/p>\n\n\n\n<div class=\"wp-block-themepark-block-themepark-xian theme_fang_out\" style=\"text-align:left;padding-top:10px;padding-bottom:11px;\"><div class=\"fangbox\" style=\"width:100%;height:1px;background-color:#333333cc;\"><\/div><\/div>\n\n\n\n<div class=\"wp-block-columns is-not-stacked-on-mobile\">\n<div class=\"wp-block-column\" style=\"flex-basis:75px\">\n<div style=\"height:10px\" aria-hidden=\"true\" class=\"wp-block-spacer\"><\/div>\n\n\n\n<figure class=\"wp-block-image size-full is-resized\"><img loading=\"lazy\" decoding=\"async\" width=\"150\" height=\"150\" src=\"https:\/\/www.dtcee.com\/wp-content\/uploads\/2025\/12\/contact0icon1.png\" alt=\"\" class=\"wp-image-194\" style=\"object-fit:cover;width:55px;height:55px\"><\/figure>\n<\/div>\n\n\n\n<div class=\"wp-block-column\">\n<p style=\"font-size:20px\"><strong>Notre emplacement<\/strong><\/p>\n\n\n\n<p>Zone industrielle de Henghe, ville de Panshi, ville de Yueqing, province de Zhejiang, Chine<\/p>\n<\/div>\n<\/div>\n\n\n\n<div style=\"height:12px\" aria-hidden=\"true\" class=\"wp-block-spacer\"><\/div>\n\n\n\n<div class=\"wp-block-columns is-not-stacked-on-mobile\">\n<div class=\"wp-block-column\" style=\"flex-basis:75px\">\n<div style=\"height:10px\" aria-hidden=\"true\" class=\"wp-block-spacer\"><\/div>\n\n\n\n<figure class=\"wp-block-image size-full is-resized\"><img loading=\"lazy\" decoding=\"async\" width=\"150\" height=\"150\" src=\"https:\/\/www.dtcee.com\/wp-content\/uploads\/2025\/12\/contact0icon4.png\" alt=\"\" class=\"wp-image-198\" style=\"object-fit:cover;width:55px;height:55px\"><\/figure>\n<\/div>\n\n\n\n<div class=\"wp-block-column\">\n<p style=\"font-size:20px\"><strong>Num\u00e9ro de t\u00e9l\u00e9phone<\/strong><\/p>\n\n\n\n<p>+86-13336970867<\/p>\n<\/div>\n<\/div>\n\n\n\n<div style=\"height:12px\" aria-hidden=\"true\" class=\"wp-block-spacer\"><\/div>\n\n\n\n<div class=\"wp-block-columns is-not-stacked-on-mobile\">\n<div class=\"wp-block-column\" style=\"flex-basis:75px\">\n<div style=\"height:10px\" aria-hidden=\"true\" class=\"wp-block-spacer\"><\/div>\n\n\n\n<figure class=\"wp-block-image size-full is-resized\"><img loading=\"lazy\" decoding=\"async\" width=\"150\" height=\"150\" src=\"https:\/\/www.dtcee.com\/wp-content\/uploads\/2025\/12\/contact0icon3.png\" alt=\"\" class=\"wp-image-199\" style=\"object-fit:cover;width:55px;height:55px\"><\/figure>\n<\/div>\n\n\n\n<div class=\"wp-block-column\">\n<p style=\"font-size:20px\"><strong>Adresse \u00e9lectronique<\/strong><\/p>\n\n\n\n<p>info@dtcee.com<\/p>\n<\/div>\n<\/div>\n\n\n\n<div style=\"height:12px\" aria-hidden=\"true\" class=\"wp-block-spacer\"><\/div>\n\n\n\n<div class=\"wp-block-columns is-not-stacked-on-mobile\">\n<div class=\"wp-block-column\" style=\"flex-basis:75px\">\n<div style=\"height:10px\" aria-hidden=\"true\" class=\"wp-block-spacer\"><\/div>\n\n\n\n<figure class=\"wp-block-image size-full is-resized\"><img loading=\"lazy\" decoding=\"async\" width=\"150\" height=\"150\" src=\"https:\/\/www.dtcee.com\/wp-content\/uploads\/2025\/12\/contact0icon2.png\" alt=\"\" class=\"wp-image-200\" style=\"object-fit:cover;width:55px;height:55px\"><\/figure>\n<\/div>\n\n\n\n<div class=\"wp-block-column\">\n<p style=\"font-size:20px\"><strong>Whatsapp<\/strong><\/p>\n\n\n\n<p>+86 13336970867<\/p>\n<\/div>\n<\/div>\n<\/div>\n<\/div>\n\n\n\n<div style=\"height:30px\" aria-hidden=\"true\" class=\"wp-block-spacer\"><\/div>\n\n\n\n<div class=\"wp-block-themepark-block-themepark-wright content-super-p\" style=\"font-size:16px;line-height:30px;color:#333333;padding:10px 10px;\">\n<div class=\"wp-block-column\">\n<p style=\"font-size:30px\"><strong>Prendre contact<\/strong><\/p>\n\n\n\n<p>Faites-nous part de votre projet, de vos besoins de personnalisation ou de vos exigences en mati\u00e8re d'approvisionnement.<\/p>\n\n\n\n<div class=\"wp-block-themepark-block-themepark-comment thempark-block themepark-comment fromnopading undefined m-biaodan\" style=\"\"><div class=\"themepark-comment_in\" id=\"ud_form\"><div class=\"themepark-comment_inb2\"><div class=\"themepark-comment_inb\" style=\"\"><div class=\"themepark-comment_form nolable\" style=\"\"><form id=\"commentform-park\" class=\"themepark-c-f\" action=\"https:\/\/www.dtcee.com\/wp-comments-post.php\" method=\"post\" autocomplete=\"off\" data-trp-original-action=\"https:\/\/www.dtcee.com\/wp-comments-post.php\"><div class=\"themepark-comment_form_box tptext\" style=\"font-size:14px;\"><lable for=\"tpcommet0\" class=\"required\"><input type=\"text\" id=\"tpcommet0\" name=\"tpcommet0\" size=\"28\" required style=\"\" placeholder=\"Nom de l&#039;entreprise\"\/><span class=\"required\">*<div class=\"required_tishi animated\"><i class=\"fas fa-exclamation-circle\"><\/i><span><\/span><\/div><\/span><\/lable><\/div><div class=\"themepark-comment_form_box tptext\" style=\"font-size:14px;\"><lable for=\"tpcommet1\" class=\"required\"><input type=\"text\" id=\"tpcommet1\" name=\"tpcommet1\" size=\"28\" required style=\"\" placeholder=\"Nom\"\/><span class=\"required\">*<div class=\"required_tishi animated\"><i class=\"fas fa-exclamation-circle\"><\/i><span><\/span><\/div><\/span><\/lable><\/div><div class=\"themepark-comment_form_box tptext\" style=\"font-size:14px;\"><lable for=\"tpcommet2\" class=\"\"><input type=\"text\" id=\"tpcommet2\" name=\"tpcommet2\" size=\"28\" style=\"\" placeholder=\"Num\u00e9ro de t\u00e9l\u00e9phone\"\/><\/lable><\/div><div class=\"themepark-comment_form_box tptext\" style=\"font-size:14px;\"><lable for=\"tpcommet3\" class=\"\"><input type=\"text\" id=\"tpcommet3\" name=\"tpcommet3\" size=\"28\" style=\"\" placeholder=\"Whatsapp\"\/><\/lable><\/div><div class=\"themepark-comment_form_box tptext\" style=\"font-size:14px;\"><lable for=\"tpcommet4\" class=\"required\"><input type=\"text\" id=\"tpcommet4\" name=\"tpcommet4\" size=\"28\" required style=\"\" placeholder=\"Courriel\"\/><span class=\"required\">*<div class=\"required_tishi animated\"><i class=\"fas fa-exclamation-circle\"><\/i><span><\/span><\/div><\/span><\/lable><\/div><div class=\"themepark-comment_form_box tpTextarea\" style=\"font-size:14px;\"><lable for=\"tpcommet5\"><textarea id=\"tpcommet5\" name=\"tpcommet5\" style=\"\" placeholder=\"Message\"><\/textarea><\/lable><\/div><div class=\"hiddeninput\"><input name=\"comment_post_ID\" type=\"hidden\" value=\"8257\"\/><input name=\"author\" type=\"hidden\" class=\"author\"\/><input name=\"email\" type=\"hidden\" class=\"email\"\/><textarea name=\"comment\" style=\"display:none\" class=\"comment\"><\/textarea><input name=\"themeparklable\" type=\"hidden\" value=\"Company Name|Name|Phone Number|Whatsapp|Email|Message\"\/><input name=\"themeparktype\" type=\"hidden\" value=\"text|text|text|text|text|Textarea\"\/><input name=\"redirect_to\" type=\"hidden\" value=\"https:\/\/www.dtcee.com\"\/><input name=\"inquiryid\" type=\"hidden\"\/><input name=\"inquirytime\" type=\"hidden\"\/><input name=\"position\" type=\"hidden\"\/><\/div><div class=\"submut_box\"><input type=\"submit\" class=\"submut_btn\" name=\"submit\" style=\"background:#004992;\" value=\"Envoyer un message\"\/><div class=\"tishi\" style=\"\"><div class=\"loading\" style=\"\"><i class=\"fas fa-spinner\"><\/i>Soumettre !<\/div><div class=\"success\" style=\"\"><i class=\"fas fa-check\"><\/i>Soumission r\u00e9ussie !<\/div><div class=\"erro\" style=\"\"><i class=\"fas fa-exclamation-circle\"><\/i>La soumission a \u00e9chou\u00e9 !<\/div><div class=\"e-email\">Adresse \u00e9lectronique incorrecte !<\/div><div class=\"e-tel\">Num\u00e9ro de t\u00e9l\u00e9phone incorrect !<\/div><\/div><\/div><input type=\"hidden\" name=\"trp-form-language\" value=\"fr\"\/><\/form><\/div><div class=\"wp_clear\"><\/div><\/div><div class=\"themepark-comment_in_b\" style=\"opacity:1;undefined0\"><\/div><\/div><\/div><div class=\"wp_clear\"><\/div><\/div>\n<\/div>\n<\/div>\n\n\n\n<style>\n\/* \u9488\u5bf9 m-biaodan \u7c7b\u7684\u8868\u5355\u6837\u5f0f\u4f18\u5316 *\/\n.m-biaodan .themepark-comment_form_box input[type=\"text\"],\n.m-biaodan .themepark-comment_form_box textarea {\n    border-radius: 0 !important;           \/* \u5706\u89d2\u4e3a0 *\/\n    box-shadow: 2px 2px 10px rgba(0, 0, 0, 0.15); \/* \u6dfb\u52a0\u9634\u5f71\uff0c\u53ef\u6839\u636e\u9700\u8981\u8c03\u6574\u6570\u503c *\/\n    border: 1px solid #ddd;                \/* \u4fdd\u6301\u8fb9\u6846\uff08\u539f\u8868\u5355\u53ef\u80fd\u6709\uff09\uff0c\u989c\u8272\u53ef\u81ea\u884c\u8c03\u6574 *\/\n    padding: 10px;                         \/* \u53ef\u9009\uff1a\u589e\u52a0\u5185\u8fb9\u8ddd\u8ba9\u8f93\u5165\u66f4\u8212\u9002 *\/\n}\n\n.m-biaodan .submut_box {\n    text-align: center;                    \/* \u63d0\u4ea4\u6309\u94ae\u5bb9\u5668\u5c45\u4e2d *\/\n    margin-top: 20px;                      \/* \u53ef\u9009\uff1a\u4e0e\u4e0a\u65b9\u8868\u5355\u7559\u4e00\u4e9b\u95f4\u8ddd *\/\n    float:none !important;\n}\n\n.m-biaodan .submut_btn {\n    border-radius: 0 !important;           \/* \u63d0\u4ea4\u6309\u94ae\u5706\u89d2\u4e3a0 *\/\n    background: #004992;                   \/* \u4fdd\u7559\u4f60\u539f\u6709\u7684\u80cc\u666f\u8272 *\/\n    padding: 12px 30px;                    \/* \u53ef\u9009\uff1a\u8c03\u6574\u6309\u94ae\u5927\u5c0f *\/\n    cursor: pointer;\n}\n<\/style>\n<\/div>\n<\/div><div class=\"layout_badh\"><\/div><\/section>","protected":false},"excerpt":{"rendered":"","protected":false},"author":1,"featured_media":0,"parent":0,"menu_order":0,"comment_status":"open","ping_status":"closed","template":"","meta":{"_acf_changed":false,"themepark_post_bcolor":"#ffffff","themepark_post_width":"100%","themepark_post_img":"","themepark_post_img_po":"left","themepark_post_img_re":false,"themepark_post_img_cover":false,"themepark_post_img_fixed":false,"themepark_post_hide_title":true,"themepark_post_main_b":"","themepark_post_main_p":100,"themepark_paddingblock":true,"footnotes":""},"class_list":["post-193","page","type-page","status-publish","hentry"],"acf":[],"_links":{"self":[{"href":"https:\/\/www.dtcee.com\/fr\/wp-json\/wp\/v2\/pages\/193","targetHints":{"allow":["GET"]}}],"collection":[{"href":"https:\/\/www.dtcee.com\/fr\/wp-json\/wp\/v2\/pages"}],"about":[{"href":"https:\/\/www.dtcee.com\/fr\/wp-json\/wp\/v2\/types\/page"}],"author":[{"embeddable":true,"href":"https:\/\/www.dtcee.com\/fr\/wp-json\/wp\/v2\/users\/1"}],"replies":[{"embeddable":true,"href":"https:\/\/www.dtcee.com\/fr\/wp-json\/wp\/v2\/comments?post=193"}],"version-history":[{"count":10,"href":"https:\/\/www.dtcee.com\/fr\/wp-json\/wp\/v2\/pages\/193\/revisions"}],"predecessor-version":[{"id":338,"href":"https:\/\/www.dtcee.com\/fr\/wp-json\/wp\/v2\/pages\/193\/revisions\/338"}],"wp:attachment":[{"href":"https:\/\/www.dtcee.com\/fr\/wp-json\/wp\/v2\/media?parent=193"}],"curies":[{"name":"wp","href":"https:\/\/api.w.org\/{rel}","templated":true}]}}